{"id":115,"date":"2020-12-15T22:00:42","date_gmt":"2020-12-16T04:00:42","guid":{"rendered":"http:\/\/ambeusa.net\/en\/?page_id=115"},"modified":"2021-01-31T20:53:39","modified_gmt":"2021-02-01T02:53:39","slug":"elementor-115","status":"publish","type":"page","link":"http:\/\/ambeusa.net\/en\/es\/elementor-115\/","title":{"rendered":"P\u00e1gina de inicio (Home)"},"content":{"rendered":"\t\t<div data-elementor-type=\"wp-page\" data-elementor-id=\"115\" class=\"elementor elementor-115\">\n\t\t\t\t\t\t<section class=\"elementor-section elementor-top-section elementor-element elementor-element-2ab4800a elementor-section-boxed elementor-section-height-default elementor-section-height-default\" data-id=\"2ab4800a\" data-element_type=\"section\" data-e-type=\"section\">\n\t\t\t\t\t\t<div class=\"elementor-container elementor-column-gap-default\">\n\t\t\t\t\t<div class=\"elementor-column elementor-col-100 elementor-top-column elementor-element elementor-element-15e28e26\" data-id=\"15e28e26\" data-element_type=\"column\" data-e-type=\"column\">\n\t\t\t<div class=\"elementor-widget-wrap elementor-element-populated\">\n\t\t\t\t\t\t<div class=\"elementor-element elementor-element-576e2e67 elementor-widget elementor-widget-text-editor\" data-id=\"576e2e67\" data-element_type=\"widget\" data-e-type=\"widget\" data-widget_type=\"text-editor.default\">\n\t\t\t\t<div class=\"elementor-widget-container\">\n\t\t\t\t\t\t\t\t\t<p><\/p>\n<h2 class=\"wp-block-heading\">Somos AMBE: .<\/h2>\n<p><\/p>\n<h3 class=\"wp-block-heading\">Damos Adiestramiento&#8230;<\/h3>\n<ul>\n<li>\n<h3>En Manufactura Avanzada 4.0<\/h3>\n<\/li>\n<li>\n<h3>En Log\u00edstica<\/h3>\n<\/li>\n<li>\n<h3>En Ingl\u00e9s y Espa\u00f1ol<\/h3>\n<\/li>\n<li>\n<h3>En L\u00ednea<\/h3>\n<\/li>\n<li>\n<h3>A Trabajadores<\/h3>\n<\/li>\n<li>\n<h3>A Entrenadores<\/h3>\n<\/li>\n<li>\n<h3>A personas que hablan ingl\u00e9s\/espa\u00f1ol interesadas en ampliar sus conocimientos y adquirir certificaciones en Producci\u00f3n y\/o Log\u00edstica<\/h3>\n<\/li>\n<\/ul>\n<h3><strong>AMBE somos un equipo profesional con m\u00e1s de 60 a\u00f1os de experiencia en el \u00e1rea de Adiestramiento y Capacitaci\u00f3n.<\/strong><\/h3>\n<p><\/p>\n<p>\u00a0<\/p>\t\t\t\t\t\t\t\t<\/div>\n\t\t\t\t<\/div>\n\t\t\t\t\t<\/div>\n\t\t<\/div>\n\t\t\t\t\t<\/div>\n\t\t<\/section>\n\t\t\t\t<section class=\"elementor-section elementor-top-section elementor-element elementor-element-01c651e elementor-section-boxed elementor-section-height-default elementor-section-height-default\" data-id=\"01c651e\" data-element_type=\"section\" data-e-type=\"section\">\n\t\t\t\t\t\t<div class=\"elementor-container elementor-column-gap-default\">\n\t\t\t\t\t<div class=\"elementor-column elementor-col-100 elementor-top-column elementor-element elementor-element-fc83488\" data-id=\"fc83488\" data-element_type=\"column\" data-e-type=\"column\">\n\t\t\t<div class=\"elementor-widget-wrap elementor-element-populated\">\n\t\t\t\t\t\t<div class=\"elementor-element elementor-element-07348fc elementor-widget-divider--view-line elementor-widget elementor-widget-divider\" data-id=\"07348fc\" data-element_type=\"widget\" data-e-type=\"widget\" data-widget_type=\"divider.default\">\n\t\t\t\t<div class=\"elementor-widget-container\">\n\t\t\t\t\t\t\t<div class=\"elementor-divider\">\n\t\t\t<span class=\"elementor-divider-separator\">\n\t\t\t\t\t\t<\/span>\n\t\t<\/div>\n\t\t\t\t\t\t<\/div>\n\t\t\t\t<\/div>\n\t\t\t\t\t<\/div>\n\t\t<\/div>\n\t\t\t\t\t<\/div>\n\t\t<\/section>\n\t\t\t\t<\/div>\n\t\t","protected":false},"excerpt":{"rendered":"<p>Somos AMBE: . Damos Adiestramiento&#8230; En Manufactura Avanzada 4.0 En Log\u00edstica En Ingl\u00e9s y Espa\u00f1ol En L\u00ednea A Trabajadores A Entrenadores A personas que hablan ingl\u00e9s\/espa\u00f1ol interesadas en ampliar sus conocimientos y adquirir certificaciones en Producci\u00f3n y\/o Log\u00edstica AMBE somos un equipo profesional con m\u00e1s de 60 a\u00f1os de experiencia en el \u00e1rea de Adiestramiento &hellip; <\/p>\n<p class=\"link-more\"><a href=\"http:\/\/ambeusa.net\/en\/es\/elementor-115\/\" class=\"more-link\">Continue reading<span class=\"screen-reader-text\"> &#8220;P\u00e1gina de inicio (Home)&#8221;<\/span><\/a><\/p>\n","protected":false},"author":1,"featured_media":0,"parent":0,"menu_order":0,"comment_status":"closed","ping_status":"closed","template":"","meta":{"footnotes":""},"_links":{"self":[{"href":"http:\/\/ambeusa.net\/en\/wp-json\/wp\/v2\/pages\/115"}],"collection":[{"href":"http:\/\/ambeusa.net\/en\/wp-json\/wp\/v2\/pages"}],"about":[{"href":"http:\/\/ambeusa.net\/en\/wp-json\/wp\/v2\/types\/page"}],"author":[{"embeddable":true,"href":"http:\/\/ambeusa.net\/en\/wp-json\/wp\/v2\/users\/1"}],"replies":[{"embeddable":true,"href":"http:\/\/ambeusa.net\/en\/wp-json\/wp\/v2\/comments?post=115"}],"version-history":[{"count":23,"href":"http:\/\/ambeusa.net\/en\/wp-json\/wp\/v2\/pages\/115\/revisions"}],"predecessor-version":[{"id":366,"href":"http:\/\/ambeusa.net\/en\/wp-json\/wp\/v2\/pages\/115\/revisions\/366"}],"wp:attachment":[{"href":"http:\/\/ambeusa.net\/en\/wp-json\/wp\/v2\/media?parent=115"}],"curies":[{"name":"wp","href":"https:\/\/api.w.org\/{rel}","templated":true}]}}